{"id":18,"date":"2016-05-06T02:25:11","date_gmt":"2016-05-06T02:25:11","guid":{"rendered":"http:\/\/multimediard.com\/es\/?page_id=18"},"modified":"2024-02-02T03:59:19","modified_gmt":"2024-02-02T03:59:19","slug":"biography","status":"publish","type":"page","link":"https:\/\/www.aishasyedcastro.com\/es\/biography\/","title":{"rendered":"BIOGRAF\u00cdA"},"content":{"rendered":"<div   class='avia-fullscreen-slider main_color   avia-builder-el-0  el_before_av_table  avia-builder-el-first  container_wrap fullsize'  ><div  class='avia-slideshow av-ls3p3h31-aa37448eddf963a169fb7cb4327098b3 avia-slideshow-extra_large av_fullscreen avia-slide-slider av-slideshow-ui av-control-default av-slideshow-manual av-loop-once av-loop-manual-endless av-default-height-applied   avia-slideshow-1' data-slideshow-options=\"{&quot;animation&quot;:&quot;slide&quot;,&quot;autoplay&quot;:false,&quot;loop_autoplay&quot;:&quot;once&quot;,&quot;interval&quot;:5,&quot;loop_manual&quot;:&quot;manual-endless&quot;,&quot;autoplay_stopper&quot;:false,&quot;noNavigation&quot;:false,&quot;bg_slider&quot;:true,&quot;keep_padding&quot;:false,&quot;hoverpause&quot;:false,&quot;show_slide_delay&quot;:0,&quot;slide_height&quot;:&quot;100&quot;,&quot;image_attachment&quot;:&quot;&quot;}\"  itemprop=\"image\" itemscope=\"itemscope\" itemtype=\"https:\/\/schema.org\/ImageObject\" ><ul class='avia-slideshow-inner ' style='padding-bottom: 65.4%;'><li style='background-position:top center;' data-img-url='https:\/\/www.aishasyedcastro.com\/es\/wp-content\/uploads\/2024\/02\/BIO2-1500x981.png' class='avia-slideshow-slide av-ls3p3h31-aa37448eddf963a169fb7cb4327098b3__0  av-single-slide slide-1 slide-odd'><div data-rel='slideshow-1' class='avia-slide-wrap '   ><\/div><\/li><\/ul><\/div><\/div><div id='after_full_slider_1'  class='main_color av_default_container_wrap container_wrap fullsize'  ><div class='container av-section-cont-open' ><div class='template-page content  av-content-full alpha units'><div class='post-entry post-entry-type-page post-entry-18'><div class='entry-content-wrapper clearfix'>\n<div  class='avia-table av-3vtnm-336fb2e3f52b302bab134ff49bc977bd main_color avia-pricing-table-container avia_pricing_default  avia-builder-el-1  el_after_av_fullscreen  el_before_av_one_fifth  avia-builder-el-first  avia-table-1'  itemscope=\"itemscope\" itemtype=\"https:\/\/schema.org\/Table\" ><div class=\"pricing-table-wrap\"><ul class='pricing-table '><li class='avia-heading-row'><div class='first-table-item'><strong style=\"color: #fff; font-size: 20px;\">BIOGRAF\u00cdA<\/strong><\/div><span class='pricing-extra'><\/span><\/li><\/ul><\/div><\/div>\n\n<style type=\"text\/css\" data-created_by=\"avia_inline_auto\" id=\"style-css-av-1dvrq-ced144e80b4f75e645ddd70ad11432e4\">\n.flex_column.av-1dvrq-ced144e80b4f75e645ddd70ad11432e4{\nborder-radius:0px 0px 0px 0px;\npadding:0px 0px 0px 0px;\n}\n<\/style>\n<div  class='flex_column av-1dvrq-ced144e80b4f75e645ddd70ad11432e4 av_one_fifth  avia-builder-el-2  el_after_av_table  el_before_av_three_fifth  first flex_column_div av-zero-column-padding  '     ><\/div>\n\n<style type=\"text\/css\" data-created_by=\"avia_inline_auto\" id=\"style-css-av-1dvrq-983a835e20b6a0ceb897912cca8c75ac\">\n.flex_column.av-1dvrq-983a835e20b6a0ceb897912cca8c75ac{\nborder-radius:0px 0px 0px 0px;\npadding:0px 0px 0px 0px;\n}\n<\/style>\n<div  class='flex_column av-1dvrq-983a835e20b6a0ceb897912cca8c75ac av_three_fifth  avia-builder-el-3  el_after_av_one_fifth  el_before_av_one_fifth  flex_column_div av-zero-column-padding  '     ><section  class='av_textblock_section av-tbey-7ca3b95b5f4b4e1ebe19ba7bee82a0a6 '   itemscope=\"itemscope\" itemtype=\"https:\/\/schema.org\/CreativeWork\" ><div class='avia_textblock'  itemprop=\"text\" ><p><span style=\"font-size: 12pt; font-family: 'Times New Roman', Times;\">Colocada por la\u00a0<b>BBC Radio 3\u00a0<\/b>de Londres, Gran Breta\u00f1a en la prestigiosa lista de m\u00fasica cl\u00e1sica \u00abInterpretaciones Milagrosas\u00bb (Performing Miracles) por su interpretaci\u00f3n en vivo de La Campanella de N. Paganini y designada por el Poder Ejecutivo de su pa\u00eds Rep\u00fablica Dominicana como Embajadora de Buena Voluntad Cultural Honor\u00edfica, Syed ha sido\u00a0<b>elogiada por la prensa internacional especializada\u00a0<\/b>en Alemania (Frankfurter Neue Presse), Lituania (Lietuvos Rytas), Estados Unidos (Strings Magazine, El Nuevo Herald), Corea del Sur (Korean JoonGang Daily), Brasil (Correio Brazilense), Argentina (El Diario), La Florida (El Nuevo Herald y Sun News Miami) y los Emiratos \u00c1rabes Unidos (The National y Time Out Magazine) entre muchos otros pa\u00edses, como \u201cvirtuosa\u201d y \u201cuna artista profundamente dotada\u201d \u00a0entre otros elogios.\u00a0<b><span class=\"il\">Aisha<\/span>\u00a0debut\u00f3 a la tierna edad de once a\u00f1os como solista<\/b>\u00a0acompa\u00f1ada de la Orquesta Sinf\u00f3nica Nacional Dominicana ejecutando el concierto en sol menor de Max Bruch para viol\u00edn y orquesta. Este entre otros sucesos exitosos la prepararon para convertirse en la\u00a0<b>primera latinoamericana en toda la historia en ser aceptada en la escuela de ni\u00f1os prodigios Yehudi Menuhin School en Londres, Inglaterra\u00a0<\/b>a los trece a\u00f1os. Ha tocado en distintos escenarios como solista alrededor del mundo incluyendo el\u00a0<b>Carnegie Hall de Nueva York cuatro veces en todos sus auditorios, la Filarm\u00f3nica de Berl\u00edn en su sala de recitales, el Palau de les Arts en Valencia, el Kennedy Center en Washington DC, el Victoria Hall en Ginebra, el Teatro Mayor en Bogot\u00e1, el Royal Opera House en la India, el Clairmont Hall en Tel-Aviv, el Xinghai Concert Hall en China, el Palacio de los Grandes Duques en Vilna, el Emirates Palace en Abu Dhabi, en el Palacio de Luxemburgo en Par\u00eds, en el Centro Kirchner en Buenos Aires, Teatro Nacional de Nicaragua, en el Palacio de Fontainebleu en Fontaineableau, en el Broward Center for the Performing Arts en la Florida, el Auditorio Nacional en Uruguay, en Casa de la M\u00fasica en Quito, en el Wigmore Hall en Londres, en el National Philharmonic Hall en Vilna, el Palacio de Bellas Artes en M\u00e9xico, en el Teatro Nacional de Rep\u00fablica Dominicana entre otros m\u00e1s<\/b>. Tambi\u00e9n\u00a0ha tocado como solista en festivales notables tales como el Abu Dhabi Music Festival, el Banstead Arts festival y el Leamington Hastings festival en Londres, the Yehudi Menuhin International Music Festival en Gstaad, Suiza, el Gaida Contemporary Music Festival en Vilna (donde fue invitada a realizar el estreno mundial del concierto para viol\u00edn y orquesta del laureado compositor Alguirdas Martinaitits, el cual fue dedicado a ella, dicho estreno tom\u00f3 lugar en el National Philharmonic Hall con la Lithuanian Chamber Orchestra en Lituania) entre otros.\u00a0<b><span class=\"il\">Aisha<\/span>\u00a0es graduada con honores del Royal College of Music en Londres donde fue galardonada con la beca completa Soir\u00e9e d\u2019Or perteneciente a la realeza brit\u00e1nica. Tambi\u00e9n recibi\u00f3 beca completa en el Guildhall School of Music and Drama.<\/b>\u00a0Dentro de los premios recibidos se encuentran el\u00a0<b>Henry Wood Trust Award en Londres, el premio Sphinx MPower y el Latin Pride National Award en Estados Unidos, siete estatuillas como artista cl\u00e1sico destacado en el extranjero en Rep\u00fablica Dominicana ocho en Premios soberano y un Casandra, reconocimientos de alcald\u00edas en Espa\u00f1a, la Florida, Massachussets, Chicago, Nueva York adem\u00e1s de un reconocimiento del Senado de Nueva York por su contribuci\u00f3n a la comunidad latinoamericana a trav\u00e9s de la m\u00fasica cl\u00e1sica entre otros reconocimientos m\u00e1s\u00a0<\/b>\u00a0En adici\u00f3n, su trayectoria ha sido celebrada por las reconocidas revistas Forbes (quienes la seleccionaron como una de las 50 mujeres m\u00e1s poderosas de su pa\u00eds en el 2024) y Vogue.\u00a0Fue investida por la Universidad Aut\u00f3noma de Santo Domingo (UASD) como la m\u00e1s joven\u00a0<b>Profesor Honorario de la Facultad de Artes\u00a0<\/b>y preside la fundaci\u00f3n \u00abMusic for Life\u00bb en Rep\u00fablica Dominicana la cual busca llevar la m\u00fasica cl\u00e1sica a aquellos que por situaciones sociales, econ\u00f3micas y de salud no la pueden acceder.\u00a0Los violines que\u00a0<span class=\"il\">Aisha<\/span>\u00a0toca son un Antonio Pelizon del siglo XVIII y un\u00a0<b>Antonius Stradivarius<\/b>\u00a0del a\u00f1o 1690 amablemente provistos por Florian Leonhard Fine Violins London.\u00a0<b><span class=\"il\">Aisha<\/span>\u00a0como Cristiana le dedica todos sus \u00e9xitos y conciertos al autor de los mismos el Se\u00f1or Jes\u00fas.<\/b><\/span><\/p>\n<\/div><\/section><\/div>\n\n<style type=\"text\/css\" data-created_by=\"avia_inline_auto\" id=\"style-css-av-1dvrq-983a835e20b6a0ceb897912cca8c75ac\">\n.flex_column.av-1dvrq-983a835e20b6a0ceb897912cca8c75ac{\nborder-radius:0px 0px 0px 0px;\npadding:0px 0px 0px 0px;\n}\n<\/style>\n<div  class='flex_column av-1dvrq-983a835e20b6a0ceb897912cca8c75ac av_one_fifth  avia-builder-el-5  el_after_av_three_fifth  avia-builder-el-last  flex_column_div av-zero-column-padding  '     ><\/div>\n","protected":false},"excerpt":{"rendered":"","protected":false},"author":1,"featured_media":0,"parent":0,"menu_order":0,"comment_status":"closed","ping_status":"closed","template":"","meta":{"footnotes":""},"class_list":["post-18","page","type-page","status-publish","hentry"],"_links":{"self":[{"href":"https:\/\/www.aishasyedcastro.com\/es\/wp-json\/wp\/v2\/pages\/18","targetHints":{"allow":["GET"]}}],"collection":[{"href":"https:\/\/www.aishasyedcastro.com\/es\/wp-json\/wp\/v2\/pages"}],"about":[{"href":"https:\/\/www.aishasyedcastro.com\/es\/wp-json\/wp\/v2\/types\/page"}],"author":[{"embeddable":true,"href":"https:\/\/www.aishasyedcastro.com\/es\/wp-json\/wp\/v2\/users\/1"}],"replies":[{"embeddable":true,"href":"https:\/\/www.aishasyedcastro.com\/es\/wp-json\/wp\/v2\/comments?post=18"}],"version-history":[{"count":25,"href":"https:\/\/www.aishasyedcastro.com\/es\/wp-json\/wp\/v2\/pages\/18\/revisions"}],"predecessor-version":[{"id":1477,"href":"https:\/\/www.aishasyedcastro.com\/es\/wp-json\/wp\/v2\/pages\/18\/revisions\/1477"}],"wp:attachment":[{"href":"https:\/\/www.aishasyedcastro.com\/es\/wp-json\/wp\/v2\/media?parent=18"}],"curies":[{"name":"wp","href":"https:\/\/api.w.org\/{rel}","templated":true}]}}